{"id":23,"date":"2025-12-01T10:17:00","date_gmt":"2025-12-01T09:17:00","guid":{"rendered":"https:\/\/blocall.scw.site\/?page_id=23"},"modified":"2026-01-27T18:55:05","modified_gmt":"2026-01-27T17:55:05","slug":"qui-sommes-nous","status":"publish","type":"page","link":"https:\/\/blocall.com\/index.php\/qui-sommes-nous\/","title":{"rendered":"Qui sommes-nous ?"},"content":{"rendered":"\t\t<div data-elementor-type=\"wp-page\" data-elementor-id=\"23\" class=\"elementor elementor-23\" data-elementor-post-type=\"page\">\n\t\t\t\t<div class=\"elementor-element elementor-element-2ebc07e e-con-full e-flex e-con e-parent\" data-id=\"2ebc07e\" data-element_type=\"container\" data-e-type=\"container\" data-settings=\"{&quot;background_background&quot;:&quot;classic&quot;}\">\n\t\t\t\t<div class=\"elementor-element elementor-element-19b5705 elementor-widget__width-inherit elementor-widget-mobile__width-initial elementor-widget elementor-widget-heading\" data-id=\"19b5705\" data-element_type=\"widget\" data-e-type=\"widget\" data-widget_type=\"heading.default\">\n\t\t\t\t\t<h1 class=\"elementor-heading-title elementor-size-default\">Blocall<\/h1>\t\t\t\t<\/div>\n\t\t\t\t<div class=\"elementor-element elementor-element-57774ac elementor-widget__width-initial elementor-widget-tablet__width-initial elementor-widget elementor-widget-text-editor\" data-id=\"57774ac\" data-element_type=\"widget\" data-e-type=\"widget\" data-widget_type=\"text-editor.default\">\n\t\t\t\t\t\t\t\t\t<p>Nous cr\u00e9ons des outils intelligents pour s\u00e9curiser vos appels et prot\u00e9ger votre vie priv\u00e9e.<br data-start=\"845\" data-end=\"848\" \/>Chez Blocall, tout est d\u00e9velopp\u00e9 en France, avec une approche exigeante et responsable.<\/p>\t\t\t\t\t\t\t\t<\/div>\n\t\t\t\t<\/div>\n\t\t<div class=\"elementor-element elementor-element-364e004 e-con-full e-flex e-con e-parent\" data-id=\"364e004\" data-element_type=\"container\" data-e-type=\"container\">\n\t\t<div class=\"elementor-element elementor-element-bacfbb4 e-con-full e-flex e-con e-child\" data-id=\"bacfbb4\" data-element_type=\"container\" data-e-type=\"container\" data-settings=\"{&quot;background_background&quot;:&quot;classic&quot;}\">\n\t\t\t\t<div class=\"elementor-element elementor-element-caab130 elementor-widget__width-inherit elementor-widget elementor-widget-text-editor\" data-id=\"caab130\" data-element_type=\"widget\" data-e-type=\"widget\" data-widget_type=\"text-editor.default\">\n\t\t\t\t\t\t\t\t\t<p><span style=\"font-weight: 400;\"><strong>Raison sociale<\/strong> : <strong>B<\/strong><\/span><strong>locall<\/strong><\/p><p><span style=\"font-weight: 400;\"><strong>RCS<\/strong> : Paris \u2014 814 428 785<\/span><\/p><p><span style=\"font-weight: 400;\"><strong>SIRET<\/strong>\u00a0: 991\u00a0025\u00a0586\u00a000017<\/span><\/p><p><span style=\"font-weight: 400;\"><strong>Si\u00e8ge social<\/strong>\u00a0: 60 rue Fran\u00e7ois 1er, 75008 Paris, France<\/span><\/p><p><span style=\"font-weight: 400;\"><strong>H\u00e9bergeur d\u2019infrastructure<\/strong>\u00a0: Scaleway \u2014 Paris, France<\/span><\/p>\t\t\t\t\t\t\t\t<\/div>\n\t\t\t\t<\/div>\n\t\t\t\t<\/div>\n\t\t<div class=\"elementor-element elementor-element-a4fae27 e-con-full e-flex e-con e-parent\" data-id=\"a4fae27\" data-element_type=\"container\" data-e-type=\"container\">\n\t\t<div class=\"elementor-element elementor-element-f113771 e-con-full e-flex e-con e-child\" data-id=\"f113771\" data-element_type=\"container\" data-e-type=\"container\">\n\t\t<div class=\"elementor-element elementor-element-108df06 e-con-full e-flex e-con e-child\" data-id=\"108df06\" data-element_type=\"container\" data-e-type=\"container\" data-settings=\"{&quot;background_background&quot;:&quot;classic&quot;}\">\n\t\t\t\t<div class=\"elementor-element elementor-element-c27cba2 elementor-invisible elementor-widget elementor-widget-image\" data-id=\"c27cba2\" data-element_type=\"widget\" data-e-type=\"widget\" data-settings=\"{&quot;_animation&quot;:&quot;fadeIn&quot;}\" data-widget_type=\"image.default\">\n\t\t\t\t\t\t\t\t\t\t\t\t\t\t\t<img fetchpriority=\"high\" decoding=\"async\" width=\"1500\" height=\"1227\" src=\"https:\/\/blocall.com\/wp-content\/uploads\/2026\/01\/Capture-de\u0301cran-2026-01-25-a\u0300-14.04.09.png\" class=\"attachment-2048x2048 size-2048x2048 wp-image-1230\" alt=\"\" srcset=\"https:\/\/blocall.com\/wp-content\/uploads\/2026\/01\/Capture-de\u0301cran-2026-01-25-a\u0300-14.04.09.png 1500w, https:\/\/blocall.com\/wp-content\/uploads\/2026\/01\/Capture-de\u0301cran-2026-01-25-a\u0300-14.04.09-300x245.png 300w, https:\/\/blocall.com\/wp-content\/uploads\/2026\/01\/Capture-de\u0301cran-2026-01-25-a\u0300-14.04.09-1024x838.png 1024w, https:\/\/blocall.com\/wp-content\/uploads\/2026\/01\/Capture-de\u0301cran-2026-01-25-a\u0300-14.04.09-768x628.png 768w, https:\/\/blocall.com\/wp-content\/uploads\/2026\/01\/Capture-de\u0301cran-2026-01-25-a\u0300-14.04.09-600x491.png 600w\" sizes=\"(max-width: 1500px) 100vw, 1500px\" \/>\t\t\t\t\t\t\t\t\t\t\t\t\t\t\t<\/div>\n\t\t\t\t<\/div>\n\t\t<div class=\"elementor-element elementor-element-a9e9423 e-con-full e-flex e-con e-child\" data-id=\"a9e9423\" data-element_type=\"container\" data-e-type=\"container\" data-settings=\"{&quot;background_background&quot;:&quot;classic&quot;}\">\n\t\t\t\t<div class=\"elementor-element elementor-element-6853514 elementor-widget__width-inherit elementor-widget elementor-widget-text-editor\" data-id=\"6853514\" data-element_type=\"widget\" data-e-type=\"widget\" data-widget_type=\"text-editor.default\">\n\t\t\t\t\t\t\t\t\t<p><span style=\"font-weight: 400;\">Blocall est une soci\u00e9t\u00e9 fran\u00e7aise sp\u00e9cialis\u00e9e dans la s\u00e9curit\u00e9 t\u00e9l\u00e9phonique et la protection de la vie priv\u00e9e. Fond\u00e9e \u00e0 Paris, notre mission est de proposer une solution moderne, fiable et transparente pour bloquer les appels ind\u00e9sirables et identifier les num\u00e9ros inconnus, tout en garantissant une confidentialit\u00e9 totale des donn\u00e9es.<\/span><\/p><p>\u00a0<\/p>\t\t\t\t\t\t\t\t<\/div>\n\t\t\t\t<\/div>\n\t\t\t\t<\/div>\n\t\t\t\t<div class=\"elementor-element elementor-element-294eb71 elementor-widget__width-initial elementor-widget elementor-widget-text-editor\" data-id=\"294eb71\" data-element_type=\"widget\" data-e-type=\"widget\" data-widget_type=\"text-editor.default\">\n\t\t\t\t\t\t\t\t\t<p><span style=\"font-weight: 400;\">Nous d\u00e9veloppons l\u2019ensemble de nos technologies en interne, en France, afin d\u2019assurer un haut niveau de qualit\u00e9, de r\u00e9activit\u00e9 et de souverainet\u00e9 num\u00e9rique. Aucun transfert de donn\u00e9es personnelles, aucune publicit\u00e9, aucun syst\u00e8me cach\u00e9 : Blocall repose sur un mod\u00e8le simple et \u00e9thique, centr\u00e9 sur la protection de l\u2019utilisateur.<\/span><br \/><br \/><span style=\"font-weight: 400;\">Notre \u00e9quipe con\u00e7oit des outils performants utilis\u00e9s aussi bien par les particuliers que par les professionnels, avec un objectif clair : offrir une exp\u00e9rience fluide, s\u00e9curis\u00e9e et durable, pens\u00e9e pour r\u00e9pondre aux exigences actuelles en mati\u00e8re de s\u00e9curit\u00e9 t\u00e9l\u00e9phonique.<\/span><\/p><p><span style=\"font-weight: 400;\">Blocall s\u2019engage chaque jour pour une technologie responsable, respectueuse du RGPD et accessible \u00e0 tous.<\/span><\/p>\t\t\t\t\t\t\t\t<\/div>\n\t\t\t\t<\/div>\n\t\t\t\t<\/div>\n\t\t","protected":false},"excerpt":{"rendered":"<p>Blocall Nous cr\u00e9ons des outils intelligents pour s\u00e9curiser vos appels et prot\u00e9ger votre vie priv\u00e9e.Chez Blocall, tout est d\u00e9velopp\u00e9 en France, avec une approche exigeante et responsable. Raison sociale : Blocall RCS : Paris \u2014 814 428 785 SIRET\u00a0: 991\u00a0025\u00a0586\u00a000017 Si\u00e8ge social\u00a0: 60 rue Fran\u00e7ois 1er, 75008 Paris, France H\u00e9bergeur d\u2019infrastructure\u00a0: Scaleway \u2014 Paris, France [&hellip;]<\/p>\n","protected":false},"author":2,"featured_media":0,"parent":0,"menu_order":0,"comment_status":"closed","ping_status":"closed","template":"","meta":{"footnotes":""},"class_list":["post-23","page","type-page","status-publish","hentry"],"_links":{"self":[{"href":"https:\/\/blocall.com\/index.php\/wp-json\/wp\/v2\/pages\/23","targetHints":{"allow":["GET"]}}],"collection":[{"href":"https:\/\/blocall.com\/index.php\/wp-json\/wp\/v2\/pages"}],"about":[{"href":"https:\/\/blocall.com\/index.php\/wp-json\/wp\/v2\/types\/page"}],"author":[{"embeddable":true,"href":"https:\/\/blocall.com\/index.php\/wp-json\/wp\/v2\/users\/2"}],"replies":[{"embeddable":true,"href":"https:\/\/blocall.com\/index.php\/wp-json\/wp\/v2\/comments?post=23"}],"version-history":[{"count":55,"href":"https:\/\/blocall.com\/index.php\/wp-json\/wp\/v2\/pages\/23\/revisions"}],"predecessor-version":[{"id":1446,"href":"https:\/\/blocall.com\/index.php\/wp-json\/wp\/v2\/pages\/23\/revisions\/1446"}],"wp:attachment":[{"href":"https:\/\/blocall.com\/index.php\/wp-json\/wp\/v2\/media?parent=23"}],"curies":[{"name":"wp","href":"https:\/\/api.w.org\/{rel}","templated":true}]}}