{"id":45,"date":"2025-12-01T10:30:31","date_gmt":"2025-12-01T09:30:31","guid":{"rendered":"https:\/\/blocall.scw.site\/?page_id=45"},"modified":"2026-01-24T20:08:40","modified_gmt":"2026-01-24T19:08:40","slug":"conditions-dutilisation","status":"publish","type":"page","link":"https:\/\/blocall.com\/index.php\/conditions-dutilisation\/","title":{"rendered":"Conditions d&rsquo;utilisation"},"content":{"rendered":"\t\t<div data-elementor-type=\"wp-page\" data-elementor-id=\"45\" class=\"elementor elementor-45\" data-elementor-post-type=\"page\">\n\t\t\t\t<div class=\"elementor-element elementor-element-51583be e-con-full e-flex e-con e-parent\" data-id=\"51583be\" data-element_type=\"container\" data-e-type=\"container\" data-settings=\"{&quot;background_background&quot;:&quot;classic&quot;}\">\n\t\t\t\t<div class=\"elementor-element elementor-element-cd946c2 elementor-widget__width-inherit elementor-widget elementor-widget-heading\" data-id=\"cd946c2\" data-element_type=\"widget\" data-e-type=\"widget\" data-widget_type=\"heading.default\">\n\t\t\t\t\t<h1 class=\"elementor-heading-title elementor-size-default\">Conditions g\u00e9n\u00e9rales d'utilisation<\/h1>\t\t\t\t<\/div>\n\t\t\t\t<\/div>\n\t\t<div class=\"elementor-element elementor-element-05b996e e-con-full e-flex e-con e-parent\" data-id=\"05b996e\" data-element_type=\"container\" data-e-type=\"container\">\n\t\t\t\t<div class=\"elementor-element elementor-element-b6a4d94 elementor-widget__width-inherit elementor-widget elementor-widget-text-editor\" data-id=\"b6a4d94\" data-element_type=\"widget\" data-e-type=\"widget\" data-widget_type=\"text-editor.default\">\n\t\t\t\t\t\t\t\t\t<h3 class=\"p1\">\u00c9diteur du service<\/h3><p class=\"p1\">L\u2019application Blocall est \u00e9dit\u00e9e par la soci\u00e9t\u00e9 Blocall, soci\u00e9t\u00e9 immatricul\u00e9e au Registre du Commerce et des Soci\u00e9t\u00e9s de Paris, au capital social de 1 000 euros, sous le num\u00e9ro 814 428 785 (SIREN 991 025 586), dont le si\u00e8ge social est situ\u00e9 au 60 rue Fran\u00e7ois 1er, 75008 Paris, France.<\/p><p class=\"p1\">Contact : contact@blocall.com<\/p><p class=\"p1\">Support : support@blocall.com<\/p><h3 class=\"p1\">Objet et port\u00e9e du service<\/h3><p class=\"p1\">Blocall est une application destin\u00e9e \u00e0 la protection des utilisateurs contre les appels ind\u00e9sirables, frauduleux ou malveillants, notamment par le biais du blocage d\u2019appels, de l\u2019identification d\u2019appelants, de la recherche anonyme de num\u00e9ros et du signalement volontaire.<\/p><p class=\"p1\">Le service repose sur des traitements techniques locaux, des r\u00e8gles d\u00e9finies par l\u2019utilisateur et des donn\u00e9es stock\u00e9es sur l\u2019appareil de l\u2019utilisateur.<\/p><p class=\"p1\">Aucune solution technique ne peut garantir l\u2019\u00e9limination totale des appels ind\u00e9sirables.<\/p><h3 class=\"p1\">Acc\u00e8s au service et conditions d\u2019usage<\/h3><p class=\"p1\">Le service est accessible \u00e0 tout public, sans restriction d\u2019\u00e2ge.<\/p><p class=\"p1\">L\u2019utilisation est gratuite pour un usage priv\u00e9. Un abonnement ou une licence est requis pour un usage professionnel.<\/p><p class=\"p1\">L\u2019utilisateur s\u2019engage \u00e0 utiliser le service conform\u00e9ment \u00e0 sa finalit\u00e9, aux lois et r\u00e8glements en vigueur, ainsi qu\u2019aux pr\u00e9sentes conditions.<\/p><p class=\"p1\">Toute utilisation abusive, d\u00e9tourn\u00e9e, automatis\u00e9e ou frauduleuse du service est strictement interdite.<\/p><h3 class=\"p1\">Fonctionnement du signalement<\/h3><p class=\"p1\">Le signalement de num\u00e9ros est facultatif et soumis \u00e0 l\u2019activation volontaire de la fonctionnalit\u00e9 par l\u2019utilisateur.<\/p><p class=\"p1\">Tout signalement entra\u00eene le blocage du num\u00e9ro concern\u00e9 sur l\u2019appareil de l\u2019utilisateur.<\/p><p class=\"p1\">L\u2019utilisateur demeure seul responsable du contenu et de l\u2019exactitude des informations signal\u00e9es et garantit qu\u2019elles ne portent pas atteinte aux droits de tiers.<\/p><p class=\"p1\">Blocall se r\u00e9serve le droit, sans obligation, de mod\u00e9rer, corriger, limiter ou supprimer tout signalement manifestement abusif, erron\u00e9, diffamatoire ou contraire \u00e0 la loi.<\/p><h3 class=\"p1\">Licences, acc\u00e8s professionnels et dons<\/h3><p class=\"p1\">Blocall est enti\u00e8rement gratuit pour un usage individuel.<\/p><p class=\"p1\">L\u2019utilisation de Blocall dans un cadre professionnel, organisationnel ou institutionnel n\u00e9cessite une licence professionnelle.<\/p><p class=\"p1\">Les licences professionnelles sont souscrites via le site internet de Blocall et permettent un usage multi-appareils, notamment en cas de d\u00e9ploiement manuel ou via un outil de gestion de flotte mobile (MDM).<\/p><p class=\"p1\">Les utilisateurs peuvent, s\u2019ils le souhaitent, effectuer un don afin de soutenir le d\u00e9veloppement de l\u2019application. Les dons sont facultatifs, n\u2019ouvrent droit \u00e0 aucune fonctionnalit\u00e9 suppl\u00e9mentaire et n\u2019ont aucun impact sur l\u2019acc\u00e8s ou l\u2019utilisation de Blocall.<\/p><p class=\"p1\">Les paiements (licences ou dons) sont trait\u00e9s par des prestataires tiers sp\u00e9cialis\u00e9s. Blocall ne collecte, ne traite et ne conserve aucune donn\u00e9e bancaire.<\/p><h3 class=\"p1\">Usage professionnel, institutionnel et services de l\u2019\u00c9tat<\/h3><p class=\"p1\">Lorsque le service est utilis\u00e9 dans un cadre professionnel, institutionnel, administratif ou par des services de l\u2019\u00c9tat, l\u2019utilisateur ou l\u2019organisation demeure seul responsable de la configuration, du d\u00e9ploiement et de l\u2019usage du service, notamment via des outils de gestion de flotte mobile (MDM).<\/p><p class=\"p1\">Blocall n\u2019assume aucune obligation de continuit\u00e9 de service, d\u2019exhaustivit\u00e9 du blocage, de disponibilit\u00e9 permanente ou de r\u00e9sultat dans ce cadre.<\/p><p class=\"p1\">Le service ne constitue ni un service public, ni un op\u00e9rateur de t\u00e9l\u00e9communications, ni un dispositif d\u2019urgence.<\/p><h3 class=\"p1\">Limites techniques et d\u00e9pendances plateformes<\/h3><p class=\"p1\">Certaines fonctionnalit\u00e9s d\u00e9pendent des syst\u00e8mes d\u2019exploitation et des interfaces mises \u00e0 disposition par les fabricants de syst\u00e8mes mobiles.<\/p><p class=\"p1\">Sur iOS, les appels bloqu\u00e9s peuvent appara\u00eetre sans sonnerie dans l\u2019historique des appels.<\/p><p class=\"p1\">Sur Android, les appels bloqu\u00e9s sont silencieux.<\/p><p class=\"p1\">Certaines op\u00e9rations n\u00e9cessitent que l\u2019application reste active en arri\u00e8re-plan.<\/p><h3 class=\"p1\">Responsabilit\u00e9 et exclusions<\/h3><p class=\"p1\">Le service est fourni \u00ab en l\u2019\u00e9tat \u00bb et selon la disponibilit\u00e9 des plateformes.<\/p><p class=\"p1\">Blocall ne saurait \u00eatre tenue responsable notamment :<\/p><p class=\"p1\">\u2022 d\u2019un appel malveillant non bloqu\u00e9,<\/p><p class=\"p1\">\u2022 du blocage d\u2019un appel l\u00e9gitime,<\/p><p class=\"p1\">\u2022 de toute cons\u00e9quence r\u00e9sultant d\u2019un signalement erron\u00e9,<\/p><p class=\"p1\">\u2022 de dommages indirects ou immat\u00e9riels.<\/p><p class=\"p1\">L\u2019utilisateur demeure seul responsable de l\u2019usage qu\u2019il fait du service et de la v\u00e9rification de la l\u00e9gitimit\u00e9 des appels re\u00e7us.<\/p><h3 class=\"p1\">Suspension, limitation et r\u00e9siliation<\/h3><p class=\"p1\">Blocall se r\u00e9serve le droit de restreindre, suspendre ou d\u00e9sactiver l\u2019acc\u00e8s au service, temporairement ou d\u00e9finitivement, en cas de violation des pr\u00e9sentes conditions, d\u2019usage abusif ou de tentative de contournement des m\u00e9canismes de s\u00e9curit\u00e9.<\/p><h3 class=\"p1\">Propri\u00e9t\u00e9 intellectuelle<\/h3><p class=\"p1\">L\u2019ensemble des \u00e9l\u00e9ments composant le service Blocall, incluant notamment les logiciels, bases de donn\u00e9es, marques, logos et contenus, est prot\u00e9g\u00e9 par le droit de la propri\u00e9t\u00e9 intellectuelle.<\/p><p class=\"p1\">Toute reproduction, extraction ou utilisation non autoris\u00e9e est interdite.<\/p><h3 class=\"p1\">Droit applicable et juridiction comp\u00e9tente<\/h3><p class=\"p1\">Les pr\u00e9sentes conditions sont r\u00e9gies par le droit fran\u00e7ais.<\/p><p class=\"p1\">Tout litige relatif \u00e0 leur interpr\u00e9tation ou \u00e0 leur ex\u00e9cution rel\u00e8ve de la comp\u00e9tence exclusive des juridictions fran\u00e7aises.<\/p>\t\t\t\t\t\t\t\t<\/div>\n\t\t\t\t<\/div>\n\t\t\t\t<\/div>\n\t\t","protected":false},"excerpt":{"rendered":"<p>Conditions g\u00e9n\u00e9rales d&rsquo;utilisation \u00c9diteur du service L\u2019application Blocall est \u00e9dit\u00e9e par la soci\u00e9t\u00e9 Blocall, soci\u00e9t\u00e9 immatricul\u00e9e au Registre du Commerce et des Soci\u00e9t\u00e9s de Paris, au capital social de 1 000 euros, sous le num\u00e9ro 814 428 785 (SIREN 991 025 586), dont le si\u00e8ge social est situ\u00e9 au 60 rue Fran\u00e7ois 1er, 75008 Paris, [&hellip;]<\/p>\n","protected":false},"author":2,"featured_media":0,"parent":0,"menu_order":0,"comment_status":"closed","ping_status":"closed","template":"","meta":{"footnotes":""},"class_list":["post-45","page","type-page","status-publish","hentry"],"_links":{"self":[{"href":"https:\/\/blocall.com\/index.php\/wp-json\/wp\/v2\/pages\/45","targetHints":{"allow":["GET"]}}],"collection":[{"href":"https:\/\/blocall.com\/index.php\/wp-json\/wp\/v2\/pages"}],"about":[{"href":"https:\/\/blocall.com\/index.php\/wp-json\/wp\/v2\/types\/page"}],"author":[{"embeddable":true,"href":"https:\/\/blocall.com\/index.php\/wp-json\/wp\/v2\/users\/2"}],"replies":[{"embeddable":true,"href":"https:\/\/blocall.com\/index.php\/wp-json\/wp\/v2\/comments?post=45"}],"version-history":[{"count":31,"href":"https:\/\/blocall.com\/index.php\/wp-json\/wp\/v2\/pages\/45\/revisions"}],"predecessor-version":[{"id":1182,"href":"https:\/\/blocall.com\/index.php\/wp-json\/wp\/v2\/pages\/45\/revisions\/1182"}],"wp:attachment":[{"href":"https:\/\/blocall.com\/index.php\/wp-json\/wp\/v2\/media?parent=45"}],"curies":[{"name":"wp","href":"https:\/\/api.w.org\/{rel}","templated":true}]}}